{"id":793,"date":"2022-04-01T11:44:44","date_gmt":"2022-04-01T14:44:44","guid":{"rendered":"https:\/\/www.ticyeducacion.faud.unsj.edu.ar\/?page_id=793"},"modified":"2022-05-19T19:57:16","modified_gmt":"2022-05-19T22:57:16","slug":"elementor-793","status":"publish","type":"page","link":"https:\/\/www.ticyeducacion.faud.unsj.edu.ar\/index.php\/elementor-793\/","title":{"rendered":"Planificaci\u00f3n 2022"},"content":{"rendered":"\t\t<div data-elementor-type=\"wp-page\" data-elementor-id=\"793\" class=\"elementor elementor-793\">\n\t\t\t\t\t\t<section class=\"elementor-section elementor-top-section elementor-element elementor-element-f6e99f9 elementor-section-boxed elementor-section-height-default elementor-section-height-default\" data-id=\"f6e99f9\" data-element_type=\"section\" data-settings=\"{&quot;background_background&quot;:&quot;classic&quot;}\">\n\t\t\t\t\t\t<div class=\"elementor-container elementor-column-gap-default\">\n\t\t\t\t\t<div class=\"elementor-column elementor-col-16 elementor-top-column elementor-element elementor-element-fd1684f\" data-id=\"fd1684f\" data-element_type=\"column\">\n\t\t\t<div class=\"elementor-widget-wrap elementor-element-populated\">\n\t\t\t\t\t\t<div class=\"elementor-element elementor-element-7cfc8ae elementor-widget elementor-widget-button\" data-id=\"7cfc8ae\" data-element_type=\"widget\" data-widget_type=\"button.default\">\n\t\t\t\t<div class=\"elementor-widget-container\">\n\t\t\t\t\t<div class=\"elementor-button-wrapper\">\n\t\t\t<a class=\"elementor-button elementor-button-link elementor-size-xs\" href=\"https:\/\/www.ticyeducacion.faud.unsj.edu.ar\/index.php\/elementor-793\/\">\n\t\t\t\t\t\t<span class=\"elementor-button-content-wrapper\">\n\t\t\t\t\t\t\t\t\t<span class=\"elementor-button-text\">planificaci\u00f3n<\/span>\n\t\t\t\t\t<\/span>\n\t\t\t\t\t<\/a>\n\t\t<\/div>\n\t\t\t\t<\/div>\n\t\t\t\t<\/div>\n\t\t\t\t\t<\/div>\n\t\t<\/div>\n\t\t\t\t<div class=\"elementor-column elementor-col-16 elementor-top-column elementor-element elementor-element-9f695c3\" data-id=\"9f695c3\" data-element_type=\"column\">\n\t\t\t<div class=\"elementor-widget-wrap elementor-element-populated\">\n\t\t\t\t\t\t<div class=\"elementor-element elementor-element-3e56c5b elementor-widget elementor-widget-button\" data-id=\"3e56c5b\" data-element_type=\"widget\" data-widget_type=\"button.default\">\n\t\t\t\t<div class=\"elementor-widget-container\">\n\t\t\t\t\t<div class=\"elementor-button-wrapper\">\n\t\t\t<a class=\"elementor-button elementor-button-link elementor-size-xs\" href=\"https:\/\/www.ticyeducacion.faud.unsj.edu.ar\/index.php\/antes-del-inicio\/\">\n\t\t\t\t\t\t<span class=\"elementor-button-content-wrapper\">\n\t\t\t\t\t\t\t\t\t<span class=\"elementor-button-text\">antes del inicio<\/span>\n\t\t\t\t\t<\/span>\n\t\t\t\t\t<\/a>\n\t\t<\/div>\n\t\t\t\t<\/div>\n\t\t\t\t<\/div>\n\t\t\t\t\t<\/div>\n\t\t<\/div>\n\t\t\t\t<div class=\"elementor-column elementor-col-16 elementor-top-column elementor-element elementor-element-8cc0a45\" data-id=\"8cc0a45\" data-element_type=\"column\">\n\t\t\t<div class=\"elementor-widget-wrap elementor-element-populated\">\n\t\t\t\t\t\t<div class=\"elementor-element elementor-element-5dcd01d elementor-align-left elementor-widget elementor-widget-button\" data-id=\"5dcd01d\" data-element_type=\"widget\" data-widget_type=\"button.default\">\n\t\t\t\t<div class=\"elementor-widget-container\">\n\t\t\t\t\t<div class=\"elementor-button-wrapper\">\n\t\t\t<a class=\"elementor-button elementor-button-link elementor-size-xs\" href=\"https:\/\/www.ticyeducacion.faud.unsj.edu.ar\/index.php\/clase-1\/\">\n\t\t\t\t\t\t<span class=\"elementor-button-content-wrapper\">\n\t\t\t\t\t\t\t\t\t<span class=\"elementor-button-text\">clase1<\/span>\n\t\t\t\t\t<\/span>\n\t\t\t\t\t<\/a>\n\t\t<\/div>\n\t\t\t\t<\/div>\n\t\t\t\t<\/div>\n\t\t\t\t\t<\/div>\n\t\t<\/div>\n\t\t\t\t<div class=\"elementor-column elementor-col-16 elementor-top-column elementor-element elementor-element-d0d2fc0\" data-id=\"d0d2fc0\" data-element_type=\"column\">\n\t\t\t<div class=\"elementor-widget-wrap elementor-element-populated\">\n\t\t\t\t\t\t<div class=\"elementor-element elementor-element-02b7f51 elementor-align-left elementor-widget elementor-widget-button\" data-id=\"02b7f51\" data-element_type=\"widget\" data-widget_type=\"button.default\">\n\t\t\t\t<div class=\"elementor-widget-container\">\n\t\t\t\t\t<div class=\"elementor-button-wrapper\">\n\t\t\t<a class=\"elementor-button elementor-button-link elementor-size-xs\" href=\"https:\/\/www.ticyeducacion.faud.unsj.edu.ar\/index.php\/clase-2\/\">\n\t\t\t\t\t\t<span class=\"elementor-button-content-wrapper\">\n\t\t\t\t\t\t\t\t\t<span class=\"elementor-button-text\">clase 2<\/span>\n\t\t\t\t\t<\/span>\n\t\t\t\t\t<\/a>\n\t\t<\/div>\n\t\t\t\t<\/div>\n\t\t\t\t<\/div>\n\t\t\t\t\t<\/div>\n\t\t<\/div>\n\t\t\t\t<div class=\"elementor-column elementor-col-16 elementor-top-column elementor-element elementor-element-fde22a5\" data-id=\"fde22a5\" data-element_type=\"column\">\n\t\t\t<div class=\"elementor-widget-wrap elementor-element-populated\">\n\t\t\t\t\t\t<div class=\"elementor-element elementor-element-8aa514e elementor-align-left elementor-widget elementor-widget-button\" data-id=\"8aa514e\" data-element_type=\"widget\" data-widget_type=\"button.default\">\n\t\t\t\t<div class=\"elementor-widget-container\">\n\t\t\t\t\t<div class=\"elementor-button-wrapper\">\n\t\t\t<a class=\"elementor-button elementor-button-link elementor-size-xs\" href=\"https:\/\/www.ticyeducacion.faud.unsj.edu.ar\/index.php\/clase-3\/\">\n\t\t\t\t\t\t<span class=\"elementor-button-content-wrapper\">\n\t\t\t\t\t\t\t\t\t<span class=\"elementor-button-text\">clase 3<\/span>\n\t\t\t\t\t<\/span>\n\t\t\t\t\t<\/a>\n\t\t<\/div>\n\t\t\t\t<\/div>\n\t\t\t\t<\/div>\n\t\t\t\t\t<\/div>\n\t\t<\/div>\n\t\t\t\t<div class=\"elementor-column elementor-col-16 elementor-top-column elementor-element elementor-element-3c6a549\" data-id=\"3c6a549\" data-element_type=\"column\">\n\t\t\t<div class=\"elementor-widget-wrap elementor-element-populated\">\n\t\t\t\t\t\t<div class=\"elementor-element elementor-element-1e62f15 elementor-align-left elementor-widget elementor-widget-button\" data-id=\"1e62f15\" data-element_type=\"widget\" data-widget_type=\"button.default\">\n\t\t\t\t<div class=\"elementor-widget-container\">\n\t\t\t\t\t<div class=\"elementor-button-wrapper\">\n\t\t\t<a class=\"elementor-button elementor-button-link elementor-size-xs\" href=\"https:\/\/www.ticyeducacion.faud.unsj.edu.ar\/index.php\/lecturas\/\">\n\t\t\t\t\t\t<span class=\"elementor-button-content-wrapper\">\n\t\t\t\t\t\t\t\t\t<span class=\"elementor-button-text\">lecturas<\/span>\n\t\t\t\t\t<\/span>\n\t\t\t\t\t<\/a>\n\t\t<\/div>\n\t\t\t\t<\/div>\n\t\t\t\t<\/div>\n\t\t\t\t\t<\/div>\n\t\t<\/div>\n\t\t\t\t\t<\/div>\n\t\t<\/section>\n\t\t\t\t<section class=\"elementor-section elementor-top-section elementor-element elementor-element-f11b8e2 elementor-section-boxed elementor-section-height-default elementor-section-height-default\" data-id=\"f11b8e2\" data-element_type=\"section\">\n\t\t\t\t\t\t<div class=\"elementor-container elementor-column-gap-default\">\n\t\t\t\t\t<div class=\"elementor-column elementor-col-100 elementor-top-column elementor-element elementor-element-4ff034c\" data-id=\"4ff034c\" data-element_type=\"column\">\n\t\t\t<div class=\"elementor-widget-wrap elementor-element-populated\">\n\t\t\t\t\t\t<div class=\"elementor-element elementor-element-2204c19 elementor-widget elementor-widget-heading\" data-id=\"2204c19\" data-element_type=\"widget\" data-widget_type=\"heading.default\">\n\t\t\t\t<div class=\"elementor-widget-container\">\n\t\t\t<h2 class=\"elementor-heading-title elementor-size-default\">Seminario: Una Plafaforma Institucional de Blogs en WordPress<\/h2>\t\t<\/div>\n\t\t\t\t<\/div>\n\t\t\t\t\t<\/div>\n\t\t<\/div>\n\t\t\t\t\t<\/div>\n\t\t<\/section>\n\t\t\t\t<section class=\"elementor-section elementor-top-section elementor-element elementor-element-31d9a8e elementor-section-boxed elementor-section-height-default elementor-section-height-default\" data-id=\"31d9a8e\" data-element_type=\"section\">\n\t\t\t\t\t\t<div class=\"elementor-container elementor-column-gap-default\">\n\t\t\t\t\t<div class=\"elementor-column elementor-col-100 elementor-top-column elementor-element elementor-element-b74ed29\" data-id=\"b74ed29\" data-element_type=\"column\">\n\t\t\t<div class=\"elementor-widget-wrap elementor-element-populated\">\n\t\t\t\t\t\t<div class=\"elementor-element elementor-element-4e45568 elementor-widget elementor-widget-text-editor\" data-id=\"4e45568\" data-element_type=\"widget\" data-widget_type=\"text-editor.default\">\n\t\t\t\t<div class=\"elementor-widget-container\">\n\t\t\t\t\t\t\t<p class=\"MsoNormal\">En el a\u00f1o 2018, en la FAUD se aprob\u00f3 un proyecto institucional que, entre otras acciones, involucraba el dictado de un curso dirigido a docentes de la UNSJ que desearan configurar un blog de c\u00e1tedra en la entonces denominada UNSJ Virtual, la plataforma institucional de blogs de la UNSJ, montada sobre WordPress.org.\u00a0 Este curso, que se dict\u00f3 nuevamente en 2019 y estuvo orientado hacia la modalidad de <i>blended learning, <\/i>tuvo especial impacto en la FAUD. Como consecuencia de \u00e9l, al inicio de la pandemia, cuando se suspendieron por primera vez las clases presenciales, docentes de <span style=\"color: #7030a0;\">22<\/span> asignaturas de esta facultad ten\u00edan algo de experiencia en el desarrollo de actividades sincr\u00f3nicas y asincr\u00f3nicas mediadas por tecnolog\u00eda.\u00a0 Al d\u00eda de hoy la FAUD cuenta con 43 blogs en funcionamiento.\u00a0 De ellos la mayor\u00eda corresponden a asignaturas de grado y el resto a carreras de postgrado, cursos y <span style=\"color: #7030a0;\">unidades<\/span> como el Gabinete de Computaci\u00f3n Aplicada o el Programa de Tutor\u00edas.<\/p><p class=\"MsoNormal\">El Campus virtual de la UNSJ incluye hoy Aulas, Salas de Videoconferencia, almacenamiento en la nube y tambi\u00e9n la plataforma de blogs montada sobre WordPress.org.\u00a0 Tanto las aulas como las salas de videoconferencia est\u00e1n siendo ampliamente usadas por docentes de todas las unidades acad\u00e9micas de la UNSJ, no obstante, la plataforma de blogs solo tiene desarrollo en la FAUD. \u00a0\u00a0Entendemos que el potencial de los blogs como parte de un sistema de medios integrado con Aulas y Salas de videoconferencias es grande porque, permiten atender a ciertas demandas propias de los procesos de educaci\u00f3n a distancia que ninguna de las otras plataformas cubre.\u00a0 Desde la configuraci\u00f3n de un blog se puede apelar a la comunicaci\u00f3n visual con mayor eficiencia que con cualquiera de los otros recursos disponibles hoy en las plataformas institucionales de la UNSJ.\u00a0 Adem\u00e1s, solo los blogs pueden permitir transparentar el espacio educativo, facilitando que tanto estudiantes y docentes, as\u00ed como cualquier persona interesada pueda conocer qu\u00e9 se est\u00e1 haciendo en una asignatura.\u00a0 Porque un blog, adem\u00e1s de permitir configurar semejantes funcionalidades que un aula virtual, puede funcionar como un espacio de exposici\u00f3n donde se hace expl\u00edcita la propuesta pedag\u00f3gica de una c\u00e1tedra y se exhiben las actividades de los estudiantes.<\/p><p class=\"MsoNormal\">Por lo expuesto entendemos que resulta oportuno ofrecer una formaci\u00f3n b\u00e1sica en la gesti\u00f3n <span style=\"color: black; mso-themecolor: text1;\">de una plataforma de blogs a los integrantes de los equipos del SIED que representan a cada una de las unidades acad\u00e9micas de la UNSJ.\u00a0 Se entiende que todas las unidades de la UNSJ deber\u00edan tener la posibilidad de aprovechar el recurso de la Plataforma Institucional de Blogs en condiciones de acceso semejantes a las del resto de los recursos del Campus Virtual. Para que esto sea realidad es necesario que las unidades acad\u00e9micas de la UNSJ se encuentren en condiciones de gestionar una plataforma propia de blogs en dependencia del IDECOM, de forma semejante a como se realiza actualmente en la FAUD.<\/span><\/p>\t\t\t\t\t\t<\/div>\n\t\t\t\t<\/div>\n\t\t\t\t\t<\/div>\n\t\t<\/div>\n\t\t\t\t\t<\/div>\n\t\t<\/section>\n\t\t\t\t<section class=\"elementor-section elementor-top-section elementor-element elementor-element-18ce49d elementor-section-boxed elementor-section-height-default elementor-section-height-default\" data-id=\"18ce49d\" data-element_type=\"section\">\n\t\t\t\t\t\t<div class=\"elementor-container elementor-column-gap-default\">\n\t\t\t\t\t<div class=\"elementor-column elementor-col-100 elementor-top-column elementor-element elementor-element-ad7b5df\" data-id=\"ad7b5df\" data-element_type=\"column\">\n\t\t\t<div class=\"elementor-widget-wrap elementor-element-populated\">\n\t\t\t\t\t\t<div class=\"elementor-element elementor-element-a3c0232 elementor-widget elementor-widget-heading\" data-id=\"a3c0232\" data-element_type=\"widget\" data-widget_type=\"heading.default\">\n\t\t\t\t<div class=\"elementor-widget-container\">\n\t\t\t<h2 class=\"elementor-heading-title elementor-size-default\">Prop\u00f3sitos<\/h2>\t\t<\/div>\n\t\t\t\t<\/div>\n\t\t\t\t\t<\/div>\n\t\t<\/div>\n\t\t\t\t\t<\/div>\n\t\t<\/section>\n\t\t\t\t<section class=\"elementor-section elementor-top-section elementor-element elementor-element-025116b elementor-section-boxed elementor-section-height-default elementor-section-height-default\" data-id=\"025116b\" data-element_type=\"section\">\n\t\t\t\t\t\t<div class=\"elementor-container elementor-column-gap-default\">\n\t\t\t\t\t<div class=\"elementor-column elementor-col-100 elementor-top-column elementor-element elementor-element-d625308\" data-id=\"d625308\" data-element_type=\"column\">\n\t\t\t<div class=\"elementor-widget-wrap elementor-element-populated\">\n\t\t\t\t\t\t<div class=\"elementor-element elementor-element-419eb47 elementor-widget elementor-widget-text-editor\" data-id=\"419eb47\" data-element_type=\"widget\" data-widget_type=\"text-editor.default\">\n\t\t\t\t<div class=\"elementor-widget-container\">\n\t\t\t\t\t\t\t<ul><li>Contribuir a la formaci\u00f3n de los equipos SIED de cada unidad acad\u00e9mica para la gesti\u00f3n de una plataforma de blogs de WordPress.org alojada en servidores de la UNSJ<\/li><li>Alentar la implementaci\u00f3n de plataformas de blogs de WordPress en cada una de las unidades acad\u00e9micas de la UNSJ<\/li><\/ul>\t\t\t\t\t\t<\/div>\n\t\t\t\t<\/div>\n\t\t\t\t\t<\/div>\n\t\t<\/div>\n\t\t\t\t\t<\/div>\n\t\t<\/section>\n\t\t\t\t<section class=\"elementor-section elementor-top-section elementor-element elementor-element-5b4b2d3 elementor-section-boxed elementor-section-height-default elementor-section-height-default\" data-id=\"5b4b2d3\" data-element_type=\"section\">\n\t\t\t\t\t\t<div class=\"elementor-container elementor-column-gap-default\">\n\t\t\t\t\t<div class=\"elementor-column elementor-col-100 elementor-top-column elementor-element elementor-element-4771372\" data-id=\"4771372\" data-element_type=\"column\">\n\t\t\t<div class=\"elementor-widget-wrap elementor-element-populated\">\n\t\t\t\t\t\t<div class=\"elementor-element elementor-element-2b4f116 elementor-widget elementor-widget-heading\" data-id=\"2b4f116\" data-element_type=\"widget\" data-widget_type=\"heading.default\">\n\t\t\t\t<div class=\"elementor-widget-container\">\n\t\t\t<h2 class=\"elementor-heading-title elementor-size-default\">Objetivos<\/h2>\t\t<\/div>\n\t\t\t\t<\/div>\n\t\t\t\t\t<\/div>\n\t\t<\/div>\n\t\t\t\t\t<\/div>\n\t\t<\/section>\n\t\t\t\t<section class=\"elementor-section elementor-top-section elementor-element elementor-element-4c97714 elementor-section-boxed elementor-section-height-default elementor-section-height-default\" data-id=\"4c97714\" data-element_type=\"section\">\n\t\t\t\t\t\t<div class=\"elementor-container elementor-column-gap-default\">\n\t\t\t\t\t<div class=\"elementor-column elementor-col-100 elementor-top-column elementor-element elementor-element-8a284f0\" data-id=\"8a284f0\" data-element_type=\"column\">\n\t\t\t<div class=\"elementor-widget-wrap elementor-element-populated\">\n\t\t\t\t\t\t<div class=\"elementor-element elementor-element-3796fff elementor-widget elementor-widget-text-editor\" data-id=\"3796fff\" data-element_type=\"widget\" data-widget_type=\"text-editor.default\">\n\t\t\t\t<div class=\"elementor-widget-container\">\n\t\t\t\t\t\t\t<ul><li>Comprender la l\u00f3gica de instalaci\u00f3n de wordpress.org y la l\u00f3gica de funcionamiento de un blog de WordPress<\/li><li>Conocer el potencial para la comunicaci\u00f3n educativa que puede ofrecer un blog dado de alta en la plataforma de blogs de WordPress.org alojada en servidores de la UNSJ.<\/li><li>Desarrollar destrezas para la configuraci\u00f3n b\u00e1sica de un blog de wordpress.org<\/li><\/ul>\t\t\t\t\t\t<\/div>\n\t\t\t\t<\/div>\n\t\t\t\t\t<\/div>\n\t\t<\/div>\n\t\t\t\t\t<\/div>\n\t\t<\/section>\n\t\t\t\t<section class=\"elementor-section elementor-top-section elementor-element elementor-element-fc537fa elementor-section-boxed elementor-section-height-default elementor-section-height-default\" data-id=\"fc537fa\" data-element_type=\"section\">\n\t\t\t\t\t\t<div class=\"elementor-container elementor-column-gap-default\">\n\t\t\t\t\t<div class=\"elementor-column elementor-col-100 elementor-top-column elementor-element elementor-element-81779d0\" data-id=\"81779d0\" data-element_type=\"column\">\n\t\t\t<div class=\"elementor-widget-wrap elementor-element-populated\">\n\t\t\t\t\t\t<div class=\"elementor-element elementor-element-90c9459 elementor-widget elementor-widget-heading\" data-id=\"90c9459\" data-element_type=\"widget\" data-widget_type=\"heading.default\">\n\t\t\t\t<div class=\"elementor-widget-container\">\n\t\t\t<h2 class=\"elementor-heading-title elementor-size-default\">Cronograma de clases y contenidos a abordar<\/h2>\t\t<\/div>\n\t\t\t\t<\/div>\n\t\t\t\t\t<\/div>\n\t\t<\/div>\n\t\t\t\t\t<\/div>\n\t\t<\/section>\n\t\t\t\t<section class=\"elementor-section elementor-top-section elementor-element elementor-element-f08dcd3 elementor-section-boxed elementor-section-height-default elementor-section-height-default\" data-id=\"f08dcd3\" data-element_type=\"section\">\n\t\t\t\t\t\t<div class=\"elementor-container elementor-column-gap-default\">\n\t\t\t\t\t<div class=\"elementor-column elementor-col-33 elementor-top-column elementor-element elementor-element-d998b50\" data-id=\"d998b50\" data-element_type=\"column\" data-settings=\"{&quot;background_background&quot;:&quot;classic&quot;}\">\n\t\t\t<div class=\"elementor-widget-wrap elementor-element-populated\">\n\t\t\t\t\t\t<div class=\"elementor-element elementor-element-1d3b502 elementor-widget elementor-widget-text-editor\" data-id=\"1d3b502\" data-element_type=\"widget\" data-widget_type=\"text-editor.default\">\n\t\t\t\t<div class=\"elementor-widget-container\">\n\t\t\t\t\t\t\t<h4>Las clases sincr\u00f3nicas se desarrollar\u00e1n de 17:30 a 19:30 en nuestra sala de BBB en las fechas que detallamos a la derecha.<\/h4>\t\t\t\t\t\t<\/div>\n\t\t\t\t<\/div>\n\t\t\t\t\t<\/div>\n\t\t<\/div>\n\t\t\t\t<div class=\"elementor-column elementor-col-33 elementor-top-column elementor-element elementor-element-2f75200\" data-id=\"2f75200\" data-element_type=\"column\" data-settings=\"{&quot;background_background&quot;:&quot;classic&quot;}\">\n\t\t\t<div class=\"elementor-widget-wrap elementor-element-populated\">\n\t\t\t\t\t\t<div class=\"elementor-element elementor-element-9d09d4a elementor-tabs-view-horizontal elementor-widget elementor-widget-tabs\" data-id=\"9d09d4a\" data-element_type=\"widget\" data-widget_type=\"tabs.default\">\n\t\t\t\t<div class=\"elementor-widget-container\">\n\t\t\t\t\t<div class=\"elementor-tabs\">\n\t\t\t<div class=\"elementor-tabs-wrapper\" role=\"tablist\" >\n\t\t\t\t\t\t\t\t\t<div id=\"elementor-tab-title-1641\" class=\"elementor-tab-title elementor-tab-desktop-title\" aria-selected=\"true\" data-tab=\"1\" role=\"tab\" tabindex=\"0\" aria-controls=\"elementor-tab-content-1641\" aria-expanded=\"false\">20 de mayo<\/div>\n\t\t\t\t\t\t\t\t\t<div id=\"elementor-tab-title-1642\" class=\"elementor-tab-title elementor-tab-desktop-title\" aria-selected=\"false\" data-tab=\"2\" role=\"tab\" tabindex=\"-1\" aria-controls=\"elementor-tab-content-1642\" aria-expanded=\"false\">27 de mayo<\/div>\n\t\t\t\t\t\t\t\t\t<div id=\"elementor-tab-title-1643\" class=\"elementor-tab-title elementor-tab-desktop-title\" aria-selected=\"false\" data-tab=\"3\" role=\"tab\" tabindex=\"-1\" aria-controls=\"elementor-tab-content-1643\" aria-expanded=\"false\">03 de junio<\/div>\n\t\t\t\t\t\t\t<\/div>\n\t\t\t<div class=\"elementor-tabs-content-wrapper\" role=\"tablist\" aria-orientation=\"vertical\">\n\t\t\t\t\t\t\t\t\t<div class=\"elementor-tab-title elementor-tab-mobile-title\" aria-selected=\"true\" data-tab=\"1\" role=\"tab\" tabindex=\"0\" aria-controls=\"elementor-tab-content-1641\" aria-expanded=\"false\">20 de mayo<\/div>\n\t\t\t\t\t<div id=\"elementor-tab-content-1641\" class=\"elementor-tab-content elementor-clearfix\" data-tab=\"1\" role=\"tabpanel\" aria-labelledby=\"elementor-tab-title-1641\" tabindex=\"0\" hidden=\"false\"><h4><strong>WordPress como plataforma de software libre.\u00a0 <\/strong>Fundamentos pedag\u00f3gicos para incorporar una plataforma de blogs de cada unidad acad\u00e9mica, al Campus Virtual de la UNSJ. Reflexiones desde el marco de la revoluci\u00f3n tecnol\u00f3gica, el contexto de pandemia y la prospectiva de la postpandemia.\u00a0 Recorrido por los campus de la UNLP, facultad de Filosof\u00eda y humanidades UNC, Facultad de Sociales de Lomas de Zamora y FAUD UNSJ.<\/h4><\/div>\n\t\t\t\t\t\t\t\t\t<div class=\"elementor-tab-title elementor-tab-mobile-title\" aria-selected=\"false\" data-tab=\"2\" role=\"tab\" tabindex=\"-1\" aria-controls=\"elementor-tab-content-1642\" aria-expanded=\"false\">27 de mayo<\/div>\n\t\t\t\t\t<div id=\"elementor-tab-content-1642\" class=\"elementor-tab-content elementor-clearfix\" data-tab=\"2\" role=\"tabpanel\" aria-labelledby=\"elementor-tab-title-1642\" tabindex=\"0\" hidden=\"hidden\"><h4>Instalaci\u00f3n de WordPress.org y formas posibles de administraci\u00f3n de una plataforma. Situaci\u00f3n actual de la UNSJ, pol\u00edticas de administraci\u00f3n generales (sistema de alta, alojamiento y seguridad).\u00a0 Formas posibles de gesti\u00f3n desde las unidades acad\u00e9micas: tareas derivadas, dise\u00f1o de pol\u00edticas de administraci\u00f3n particulares.<\/h4><\/div>\n\t\t\t\t\t\t\t\t\t<div class=\"elementor-tab-title elementor-tab-mobile-title\" aria-selected=\"false\" data-tab=\"3\" role=\"tab\" tabindex=\"-1\" aria-controls=\"elementor-tab-content-1643\" aria-expanded=\"false\">03 de junio<\/div>\n\t\t\t\t\t<div id=\"elementor-tab-content-1643\" class=\"elementor-tab-content elementor-clearfix\" data-tab=\"3\" role=\"tabpanel\" aria-labelledby=\"elementor-tab-title-1643\" tabindex=\"0\" hidden=\"hidden\"><h4>Partes de un blog y configuraci\u00f3n b\u00e1sica. Instalaci\u00f3n de un tema.\u00a0 Creaci\u00f3n de p\u00e1ginas.\u00a0\u00a0 Personalizaci\u00f3n de cabeceras, gadgets, men\u00fas, entradas, comentarios. Usuarios y roles posibles.\u00a0 Biblioteca de un blog: concepto, tipos de archivos almacenables. Concepto de plugin. Plugins preinstalados de seguridad y copia de seguridad.\u00a0 Ejemplos de ampliaci\u00f3n de funcionalidades a trav\u00e9s de un plugin como <em>Elementor<\/em>.<\/h4><\/div>\n\t\t\t\t\t\t\t<\/div>\n\t\t<\/div>\n\t\t\t\t<\/div>\n\t\t\t\t<\/div>\n\t\t\t\t\t<\/div>\n\t\t<\/div>\n\t\t\t\t<div class=\"elementor-column elementor-col-33 elementor-top-column elementor-element elementor-element-b7060e8\" data-id=\"b7060e8\" data-element_type=\"column\">\n\t\t\t<div class=\"elementor-widget-wrap\">\n\t\t\t\t\t\t\t<\/div>\n\t\t<\/div>\n\t\t\t\t\t<\/div>\n\t\t<\/section>\n\t\t\t\t<section class=\"elementor-section elementor-top-section elementor-element elementor-element-b207afb elementor-section-boxed elementor-section-height-default elementor-section-height-default\" data-id=\"b207afb\" data-element_type=\"section\">\n\t\t\t\t\t\t<div class=\"elementor-container elementor-column-gap-default\">\n\t\t\t\t\t<div class=\"elementor-column elementor-col-100 elementor-top-column elementor-element elementor-element-07f2380\" data-id=\"07f2380\" data-element_type=\"column\">\n\t\t\t<div class=\"elementor-widget-wrap elementor-element-populated\">\n\t\t\t\t\t\t<div class=\"elementor-element elementor-element-ffd4e9a elementor-widget elementor-widget-heading\" data-id=\"ffd4e9a\" data-element_type=\"widget\" data-widget_type=\"heading.default\">\n\t\t\t\t<div class=\"elementor-widget-container\">\n\t\t\t<h2 class=\"elementor-heading-title elementor-size-default\">Condiciones de aprobaci\u00f3n<\/h2>\t\t<\/div>\n\t\t\t\t<\/div>\n\t\t\t\t\t<\/div>\n\t\t<\/div>\n\t\t\t\t\t<\/div>\n\t\t<\/section>\n\t\t\t\t<section class=\"elementor-section elementor-top-section elementor-element elementor-element-2a64780 elementor-section-boxed elementor-section-height-default elementor-section-height-default\" data-id=\"2a64780\" data-element_type=\"section\">\n\t\t\t\t\t\t<div class=\"elementor-container elementor-column-gap-default\">\n\t\t\t\t\t<div class=\"elementor-column elementor-col-100 elementor-top-column elementor-element elementor-element-f5fb72b\" data-id=\"f5fb72b\" data-element_type=\"column\">\n\t\t\t<div class=\"elementor-widget-wrap elementor-element-populated\">\n\t\t\t\t\t\t<div class=\"elementor-element elementor-element-d8c8f63 elementor-widget elementor-widget-text-editor\" data-id=\"d8c8f63\" data-element_type=\"widget\" data-widget_type=\"text-editor.default\">\n\t\t\t\t<div class=\"elementor-widget-container\">\n\t\t\t\t\t\t\t<p>Se llevar\u00e1 adelante una evaluaci\u00f3n de proceso a trav\u00e9s de las actividades que se desarrollar\u00e1n en cada uno de los encuentros.\u00a0 El Seminario se aprueba a partir del cumplimiento de estas actividades.<\/p>\t\t\t\t\t\t<\/div>\n\t\t\t\t<\/div>\n\t\t\t\t\t<\/div>\n\t\t<\/div>\n\t\t\t\t\t<\/div>\n\t\t<\/section>\n\t\t\t\t<\/div>\n\t\t","protected":false},"excerpt":{"rendered":"<p>planificaci\u00f3n antes del inicio clase1 clase 2 clase 3 lecturas Seminario: Una Plafaforma Institucional de Blogs en WordPress En el a\u00f1o 2018, en la FAUD se aprob\u00f3 un proyecto institucional&#8230; <a href=\"https:\/\/www.ticyeducacion.faud.unsj.edu.ar\/index.php\/elementor-793\/\">Leer m\u00e1s &raquo;<\/a><\/p>\n","protected":false},"author":2,"featured_media":0,"parent":0,"menu_order":0,"comment_status":"closed","ping_status":"closed","template":"","meta":{"_mc_calendar":[],"footnotes":""},"class_list":["post-793","page","type-page","status-publish","hentry"],"_links":{"self":[{"href":"https:\/\/www.ticyeducacion.faud.unsj.edu.ar\/index.php\/wp-json\/wp\/v2\/pages\/793","targetHints":{"allow":["GET"]}}],"collection":[{"href":"https:\/\/www.ticyeducacion.faud.unsj.edu.ar\/index.php\/wp-json\/wp\/v2\/pages"}],"about":[{"href":"https:\/\/www.ticyeducacion.faud.unsj.edu.ar\/index.php\/wp-json\/wp\/v2\/types\/page"}],"author":[{"embeddable":true,"href":"https:\/\/www.ticyeducacion.faud.unsj.edu.ar\/index.php\/wp-json\/wp\/v2\/users\/2"}],"replies":[{"embeddable":true,"href":"https:\/\/www.ticyeducacion.faud.unsj.edu.ar\/index.php\/wp-json\/wp\/v2\/comments?post=793"}],"version-history":[{"count":35,"href":"https:\/\/www.ticyeducacion.faud.unsj.edu.ar\/index.php\/wp-json\/wp\/v2\/pages\/793\/revisions"}],"predecessor-version":[{"id":1125,"href":"https:\/\/www.ticyeducacion.faud.unsj.edu.ar\/index.php\/wp-json\/wp\/v2\/pages\/793\/revisions\/1125"}],"wp:attachment":[{"href":"https:\/\/www.ticyeducacion.faud.unsj.edu.ar\/index.php\/wp-json\/wp\/v2\/media?parent=793"}],"curies":[{"name":"wp","href":"https:\/\/api.w.org\/{rel}","templated":true}]}}