{"id":60,"date":"2019-07-24T14:42:42","date_gmt":"2019-07-24T14:42:42","guid":{"rendered":"https:\/\/www.ticyeducacion.faud.unsj.edu.ar\/?page_id=60"},"modified":"2019-07-25T21:30:51","modified_gmt":"2019-07-25T21:30:51","slug":"presentacion-de-los-docentes","status":"publish","type":"page","link":"https:\/\/www.ticyeducacion.faud.unsj.edu.ar\/index.php\/presentacion-de-los-docentes\/","title":{"rendered":"Los Docentes"},"content":{"rendered":"<h3>Docentes del curso<\/h3>\n<p><em><strong>Mar\u00eda Isabel Balmaceda<\/strong><\/em><\/p>\n<p>Doctora en Educaci\u00f3n por la Universidad Nacional de Cuyo &#8211; Argentina. Mag\u00edster en Educaci\u00f3n Psico-inform\u00e1tica por la Universidad Nacional de Lomas de Zamora &#8211; Argentina. Arquitecta por la Universidad Nacional de San Juan &#8211; Argentina (UNSJ). Profesora Titular DE Tecnolog\u00eda de Gr\u00e1fica digital 1 y 2 en la carrerea de Dise\u00f1o Gr\u00e1fico de la UNSJ. Coordinadora del Gabinete de Computaci\u00f3n Aplicada de la FAUD &#8211; UNSJ. Investigadora categorizada en el Programa de Incentivos y directora de proyecto de investigaci\u00f3n.<\/p>\n<h4><em><span style=\"color: #000000;\"><strong>Mar\u00eda Natalia D\u00edaz<\/strong><\/span><\/em><\/h4>\n<p>Licenciada en Ciencias de la Computaci\u00f3n por la Universidad Nacional de San Juan &#8211; Argentina y Profesora en Inform\u00e1tica por la Universidad Nacional de San Luis &#8211; Argentina. Maestranda en Comunicaci\u00f3n Digital interactiva en la Universidad Nacional de Rosario &#8211; Argentina. Profesor Titular de Tecnolog\u00eda Computacional 2 de la Licenciatura en Comunicaci\u00f3n Social de la UNSJ.<\/p>\n<h3>Tutoras<\/h3>\n<h4><em>Ver\u00f3nica D\u00edaz Reinoso<\/em><\/h4>\n<p>Arquitecta por la Facultad de Arquitectura, Urbanismo y Dise\u00f1o, Universidad Nacional de San Juan &#8211; Argentina . Maestranda en Tecnolog\u00eda Inform\u00e1tica Aplicada en Educaci\u00f3n en la Universidad Nacional de La Plata &#8211; Argentina. Docente de la carrera de Dise\u00f1o Gr\u00e1fico e investigadora del Gabinete de Computaci\u00f3n Aplicada a cargo del Proyecto Institucional \u201cAula Virtual de la FAUD UNSJ\u201d Integrante del Consejo Asesor del Programa Campus Virtual UNSJ en representaci\u00f3n de la FAUD.<\/p>\n<h4><em><strong>Ana Laura Casc\u00f3n Treo<\/strong><\/em><\/h4>\n<p>Dise\u00f1adora Industrial y Diplomada en Educaci\u00f3n y Nuevas Tecnolog\u00edas por la Universidad Nacional de San Juan &#8211; Argentina. Docente de la carrera de Dise\u00f1o Gr\u00e1fico de la Facultad de Arquitectura, Urbanismo y Dise\u00f1o de la UNSJ. Investigadora del Gabinete de Computaci\u00f3n Aplicada de la FAUD UNSJ.<\/p>\n","protected":false},"excerpt":{"rendered":"<p>Docentes del curso Mar\u00eda Isabel Balmaceda Doctora en Educaci\u00f3n por la Universidad Nacional de Cuyo &#8211; Argentina. Mag\u00edster en Educaci\u00f3n Psico-inform\u00e1tica por la Universidad Nacional de Lomas de Zamora &#8211;&#8230; <a href=\"https:\/\/www.ticyeducacion.faud.unsj.edu.ar\/index.php\/presentacion-de-los-docentes\/\">Leer m\u00e1s &raquo;<\/a><\/p>\n","protected":false},"author":1,"featured_media":0,"parent":0,"menu_order":0,"comment_status":"closed","ping_status":"closed","template":"","meta":{"_mc_calendar":[],"footnotes":""},"class_list":["post-60","page","type-page","status-publish","hentry"],"_links":{"self":[{"href":"https:\/\/www.ticyeducacion.faud.unsj.edu.ar\/index.php\/wp-json\/wp\/v2\/pages\/60","targetHints":{"allow":["GET"]}}],"collection":[{"href":"https:\/\/www.ticyeducacion.faud.unsj.edu.ar\/index.php\/wp-json\/wp\/v2\/pages"}],"about":[{"href":"https:\/\/www.ticyeducacion.faud.unsj.edu.ar\/index.php\/wp-json\/wp\/v2\/types\/page"}],"author":[{"embeddable":true,"href":"https:\/\/www.ticyeducacion.faud.unsj.edu.ar\/index.php\/wp-json\/wp\/v2\/users\/1"}],"replies":[{"embeddable":true,"href":"https:\/\/www.ticyeducacion.faud.unsj.edu.ar\/index.php\/wp-json\/wp\/v2\/comments?post=60"}],"version-history":[{"count":5,"href":"https:\/\/www.ticyeducacion.faud.unsj.edu.ar\/index.php\/wp-json\/wp\/v2\/pages\/60\/revisions"}],"predecessor-version":[{"id":97,"href":"https:\/\/www.ticyeducacion.faud.unsj.edu.ar\/index.php\/wp-json\/wp\/v2\/pages\/60\/revisions\/97"}],"wp:attachment":[{"href":"https:\/\/www.ticyeducacion.faud.unsj.edu.ar\/index.php\/wp-json\/wp\/v2\/media?parent=60"}],"curies":[{"name":"wp","href":"https:\/\/api.w.org\/{rel}","templated":true}]}}