{"id":409,"date":"2019-09-06T00:06:26","date_gmt":"2019-09-06T00:06:26","guid":{"rendered":"https:\/\/www.ticyeducacion.faud.unsj.edu.ar\/?page_id=409"},"modified":"2019-11-05T08:33:14","modified_gmt":"2019-11-05T11:33:14","slug":"baul","status":"publish","type":"page","link":"https:\/\/www.ticyeducacion.faud.unsj.edu.ar\/index.php\/baul\/","title":{"rendered":"Ba\u00fal"},"content":{"rendered":"<p>En este documento encontraremos consejos para configurar la apariencia de la cabecera de nuestro Blog respetando las pautas de identidad institucional propuestas desde nuestra instituci\u00f3n.<\/p>\n<h3><a href=\"https:\/\/www.ticyeducacion.faud.unsj.edu.ar\/wp-content\/uploads\/2019\/09\/guia-blogs3.pdf\" class=\"pdfemb-viewer\" style=\"\" data-width=\"max\" data-height=\"max\" data-toolbar=\"bottom\" data-toolbar-fixed=\"off\">guia blogs3<\/a><\/h3>\n<p>Desde los siguientes links se pueden descargar archivos de Gimp y de Photoshop para trabajar las cabeceras del blog en diferentes temas de WordPress<\/p>\n<p><a href=\"https:\/\/www.ticyeducacion.faud.unsj.edu.ar\/wp-content\/uploads\/2019\/09\/TemaRibosome-b.zip\" target=\"_blank\" rel=\"noopener\"><img decoding=\"async\" class=\"alignnone wp-image-414\" src=\"https:\/\/www.ticyeducacion.faud.unsj.edu.ar\/wp-content\/uploads\/2019\/09\/zip2.png\" alt=\"\" width=\"74\" height=\"74\" srcset=\"https:\/\/www.ticyeducacion.faud.unsj.edu.ar\/wp-content\/uploads\/2019\/09\/zip2.png 225w, https:\/\/www.ticyeducacion.faud.unsj.edu.ar\/wp-content\/uploads\/2019\/09\/zip2-150x150.png 150w, https:\/\/www.ticyeducacion.faud.unsj.edu.ar\/wp-content\/uploads\/2019\/09\/zip2-180x180.png 180w, https:\/\/www.ticyeducacion.faud.unsj.edu.ar\/wp-content\/uploads\/2019\/09\/zip2-60x60.png 60w\" sizes=\"(max-width: 74px) 100vw, 74px\" \/><\/a>\u00a0insumos ribosome\u00a0\u00a0\u00a0\u00a0 \u00a0 \u00a0 \u00a0 \u00a0\u00a0<a href=\"https:\/\/www.ticyeducacion.faud.unsj.edu.ar\/wp-content\/uploads\/2019\/09\/TemaCustomify-b.zip\" target=\"_blank\" rel=\"noopener\"><img decoding=\"async\" class=\"\" src=\"https:\/\/www.ticyeducacion.faud.unsj.edu.ar\/wp-content\/uploads\/2019\/09\/zip2.png\" width=\"73\" height=\"73\" \/><\/a>\u00a0insumos customify<\/p>\n<p><a href=\"https:\/\/www.ticyeducacion.faud.unsj.edu.ar\/wp-content\/uploads\/2019\/09\/Tema2017-b.zip\" target=\"_blank\" rel=\"noopener\"><img decoding=\"async\" class=\"\" src=\"https:\/\/www.ticyeducacion.faud.unsj.edu.ar\/wp-content\/uploads\/2019\/09\/zip2.png\" width=\"74\" height=\"74\" \/><\/a>\u00a0insumos 2017\u00a0 \u00a0 \u00a0 \u00a0 \u00a0 \u00a0\u00a0 \u00a0 \u00a0 \u00a0 \u00a0\u00a0<a href=\"https:\/\/www.ticyeducacion.faud.unsj.edu.ar\/wp-content\/uploads\/2019\/09\/TemaCatchResponsive-b.zip\" target=\"_blank\" rel=\"noopener\"><img decoding=\"async\" class=\"\" src=\"https:\/\/www.ticyeducacion.faud.unsj.edu.ar\/wp-content\/uploads\/2019\/09\/zip2.png\" width=\"73\" height=\"73\" \/><\/a>\u00a0insumos Catch Responsive<\/p>\n<hr \/>\n<p>La siguiente carpeta contiene los gr\u00e1ficos para asignar Licencias CC a los documentos de autor\u00eda propia que vayan a ser puestos a disposici\u00f3n desde su blog..<\/p>\n<h3>\u00a0<a href=\"https:\/\/www.ticyeducacion.faud.unsj.edu.ar\/wp-content\/uploads\/2019\/09\/combinaciones-cc.zip\" target=\"_blank\" rel=\"noopener\"><img loading=\"lazy\" decoding=\"async\" src=\"https:\/\/www.ticyeducacion.faud.unsj.edu.ar\/wp-content\/uploads\/2019\/09\/zip2.png\" alt=\"\" width=\"82\" height=\"82\" \/><\/a>Carpeta comprimida con archivos de\u00a0 \u00edconos de licencias CC<\/h3>\n<hr \/>\n<h3><\/h3>\n<h3><a href=\"https:\/\/www.ticyeducacion.faud.unsj.edu.ar\/wp-content\/uploads\/2019\/09\/gradient-colored-background.zip\" target=\"_blank\" rel=\"noopener\"><img loading=\"lazy\" decoding=\"async\" src=\"https:\/\/www.ticyeducacion.faud.unsj.edu.ar\/wp-content\/uploads\/2019\/09\/zip2.png\" alt=\"\" width=\"85\" height=\"85\" \/><\/a>Carpeta comprimida con un ejemplo de gr\u00e1fico con licencia gratuita<\/h3>\n<p><a href=\"http:\/\/www.freepik.com\">Designed by brgfx \/ Freepik<\/a><\/p>\n<hr \/>\n<h3><a href=\"https:\/\/www.ticyeducacion.faud.unsj.edu.ar\/wp-content\/uploads\/2019\/09\/para-objetivos-y-prop\u00f3sitos.pdf\" target=\"_blank\" rel=\"noopener\"><img loading=\"lazy\" decoding=\"async\" class=\"alignnone size-full wp-image-169\" src=\"https:\/\/www.ticyeducacion.faud.unsj.edu.ar\/wp-content\/uploads\/2019\/08\/descargapdf.png\" alt=\"\" width=\"60\" height=\"59\" \/><\/a>\u00a0 Ayuda para formular objetivos y prop\u00f3sitos.<\/h3>\n<hr \/>\n<h3><a href=\"https:\/\/www.ticyeducacion.faud.unsj.edu.ar\/wp-content\/uploads\/2019\/09\/apa-6.pdf\" target=\"_blank\" rel=\"noopener\"><img loading=\"lazy\" decoding=\"async\" class=\"alignnone size-full wp-image-169\" src=\"https:\/\/www.ticyeducacion.faud.unsj.edu.ar\/wp-content\/uploads\/2019\/08\/descargapdf.png\" alt=\"\" width=\"60\" height=\"59\" \/><\/a>\u00a0 \u00a0Resumen de las Normas APA 6<\/h3>\n<p>&nbsp;<\/p>\n","protected":false},"excerpt":{"rendered":"<p>En este documento encontraremos consejos para configurar la apariencia de la cabecera de nuestro Blog respetando las pautas de identidad institucional propuestas desde nuestra instituci\u00f3n. Desde los siguientes links se&#8230; <a href=\"https:\/\/www.ticyeducacion.faud.unsj.edu.ar\/index.php\/baul\/\">Leer m\u00e1s &raquo;<\/a><\/p>\n","protected":false},"author":2,"featured_media":0,"parent":0,"menu_order":0,"comment_status":"closed","ping_status":"closed","template":"","meta":{"_mc_calendar":[],"footnotes":""},"class_list":["post-409","page","type-page","status-publish","hentry"],"_links":{"self":[{"href":"https:\/\/www.ticyeducacion.faud.unsj.edu.ar\/index.php\/wp-json\/wp\/v2\/pages\/409","targetHints":{"allow":["GET"]}}],"collection":[{"href":"https:\/\/www.ticyeducacion.faud.unsj.edu.ar\/index.php\/wp-json\/wp\/v2\/pages"}],"about":[{"href":"https:\/\/www.ticyeducacion.faud.unsj.edu.ar\/index.php\/wp-json\/wp\/v2\/types\/page"}],"author":[{"embeddable":true,"href":"https:\/\/www.ticyeducacion.faud.unsj.edu.ar\/index.php\/wp-json\/wp\/v2\/users\/2"}],"replies":[{"embeddable":true,"href":"https:\/\/www.ticyeducacion.faud.unsj.edu.ar\/index.php\/wp-json\/wp\/v2\/comments?post=409"}],"version-history":[{"count":25,"href":"https:\/\/www.ticyeducacion.faud.unsj.edu.ar\/index.php\/wp-json\/wp\/v2\/pages\/409\/revisions"}],"predecessor-version":[{"id":601,"href":"https:\/\/www.ticyeducacion.faud.unsj.edu.ar\/index.php\/wp-json\/wp\/v2\/pages\/409\/revisions\/601"}],"wp:attachment":[{"href":"https:\/\/www.ticyeducacion.faud.unsj.edu.ar\/index.php\/wp-json\/wp\/v2\/media?parent=409"}],"curies":[{"name":"wp","href":"https:\/\/api.w.org\/{rel}","templated":true}]}}