{"id":1450,"date":"2022-06-10T10:04:03","date_gmt":"2022-06-10T13:04:03","guid":{"rendered":"https:\/\/www.ticyeducacion.faud.unsj.edu.ar\/?page_id=1450"},"modified":"2022-06-10T10:35:20","modified_gmt":"2022-06-10T13:35:20","slug":"acerca-de-creative-commons","status":"publish","type":"page","link":"https:\/\/www.ticyeducacion.faud.unsj.edu.ar\/index.php\/acerca-de-creative-commons\/","title":{"rendered":"acerca de Creative Commons"},"content":{"rendered":"\t\t<div data-elementor-type=\"wp-page\" data-elementor-id=\"1450\" class=\"elementor elementor-1450\">\n\t\t\t\t\t\t<section class=\"elementor-section elementor-top-section elementor-element elementor-element-53f4f5c elementor-section-boxed elementor-section-height-default elementor-section-height-default\" data-id=\"53f4f5c\" data-element_type=\"section\">\n\t\t\t\t\t\t<div class=\"elementor-container elementor-column-gap-default\">\n\t\t\t\t\t<div class=\"elementor-column elementor-col-100 elementor-top-column elementor-element elementor-element-6812610\" data-id=\"6812610\" data-element_type=\"column\">\n\t\t\t<div class=\"elementor-widget-wrap elementor-element-populated\">\n\t\t\t\t\t\t<div class=\"elementor-element elementor-element-643f738 elementor-widget elementor-widget-text-editor\" data-id=\"643f738\" data-element_type=\"widget\" data-widget_type=\"text-editor.default\">\n\t\t\t\t<div class=\"elementor-widget-container\">\n\t\t\t\t\t\t\t<p><b>Creative<\/b> <b>Commons<\/b>\u00a0(<b>CC<\/b>) es una\u00a0organizaci\u00f3n sin fines de lucro\u00a0dedicada a promover el acceso a la cultura\u00a0 y el intercambio de conocimiento. Desarrolla un conjunto de instrumentos jur\u00eddicos de car\u00e1cter gratuito que facilitan usar y compartir bienes intelectuales.\u200b Su sede central se encuentra en\u00a0\u00a0California.<\/p>\t\t\t\t\t\t<\/div>\n\t\t\t\t<\/div>\n\t\t\t\t\t<\/div>\n\t\t<\/div>\n\t\t\t\t\t<\/div>\n\t\t<\/section>\n\t\t\t\t<section class=\"elementor-section elementor-top-section elementor-element elementor-element-d378552 elementor-section-boxed elementor-section-height-default elementor-section-height-default\" data-id=\"d378552\" data-element_type=\"section\">\n\t\t\t\t\t\t<div class=\"elementor-container elementor-column-gap-default\">\n\t\t\t\t\t<div class=\"elementor-column elementor-col-100 elementor-top-column elementor-element elementor-element-f7312dd\" data-id=\"f7312dd\" data-element_type=\"column\">\n\t\t\t<div class=\"elementor-widget-wrap elementor-element-populated\">\n\t\t\t\t\t\t<div class=\"elementor-element elementor-element-0730f50 elementor-widget elementor-widget-text-editor\" data-id=\"0730f50\" data-element_type=\"widget\" data-widget_type=\"text-editor.default\">\n\t\t\t\t<div class=\"elementor-widget-container\">\n\t\t\t\t\t\t\t<p>Creative <b>Commons<\/b><b> Argentina <\/b>est\u00e1 a cargo de dos organizaciones afiliadas: Fundaci\u00f3n V\u00eda Libre y Wikimedia Argentina.\u00a0<\/p>\t\t\t\t\t\t<\/div>\n\t\t\t\t<\/div>\n\t\t\t\t\t<\/div>\n\t\t<\/div>\n\t\t\t\t\t<\/div>\n\t\t<\/section>\n\t\t\t\t<section class=\"elementor-section elementor-top-section elementor-element elementor-element-88aed9f elementor-section-boxed elementor-section-height-default elementor-section-height-default\" data-id=\"88aed9f\" data-element_type=\"section\">\n\t\t\t\t\t\t<div class=\"elementor-container elementor-column-gap-default\">\n\t\t\t\t\t<div class=\"elementor-column elementor-col-50 elementor-top-column elementor-element elementor-element-c36cb89\" data-id=\"c36cb89\" data-element_type=\"column\">\n\t\t\t<div class=\"elementor-widget-wrap elementor-element-populated\">\n\t\t\t\t\t\t<div class=\"elementor-element elementor-element-c32ea81 elementor-widget elementor-widget-spacer\" data-id=\"c32ea81\" data-element_type=\"widget\" data-widget_type=\"spacer.default\">\n\t\t\t\t<div class=\"elementor-widget-container\">\n\t\t\t\t\t<div class=\"elementor-spacer\">\n\t\t\t<div class=\"elementor-spacer-inner\"><\/div>\n\t\t<\/div>\n\t\t\t\t<\/div>\n\t\t\t\t<\/div>\n\t\t\t\t<div class=\"elementor-element elementor-element-390567c elementor-widget elementor-widget-text-editor\" data-id=\"390567c\" data-element_type=\"widget\" data-widget_type=\"text-editor.default\">\n\t\t\t\t<div class=\"elementor-widget-container\">\n\t\t\t\t\t\t\t<h1>El objetivo central de cc es:<\/h1>\t\t\t\t\t\t<\/div>\n\t\t\t\t<\/div>\n\t\t\t\t\t<\/div>\n\t\t<\/div>\n\t\t\t\t<div class=\"elementor-column elementor-col-50 elementor-top-column elementor-element elementor-element-5f32ee2\" data-id=\"5f32ee2\" data-element_type=\"column\">\n\t\t\t<div class=\"elementor-widget-wrap elementor-element-populated\">\n\t\t\t\t\t\t<div class=\"elementor-element elementor-element-0bac644 elementor-widget elementor-widget-text-editor\" data-id=\"0bac644\" data-element_type=\"widget\" data-widget_type=\"text-editor.default\">\n\t\t\t\t<div class=\"elementor-widget-container\">\n\t\t\t\t\t\t\t<p>Favorecer el ejercicio de ciertos derechos de autor y, al mismo tiempo, permitir al p\u00fablico en general un amplio acceso a la cultura, contribuyendo a la libre circulaci\u00f3n del saber.<\/p>\t\t\t\t\t\t<\/div>\n\t\t\t\t<\/div>\n\t\t\t\t\t<\/div>\n\t\t<\/div>\n\t\t\t\t\t<\/div>\n\t\t<\/section>\n\t\t\t\t<section class=\"elementor-section elementor-top-section elementor-element elementor-element-a9a5de6 elementor-section-boxed elementor-section-height-default elementor-section-height-default\" data-id=\"a9a5de6\" data-element_type=\"section\">\n\t\t\t\t\t\t<div class=\"elementor-container elementor-column-gap-default\">\n\t\t\t\t\t<div class=\"elementor-column elementor-col-100 elementor-top-column elementor-element elementor-element-c57f146\" data-id=\"c57f146\" data-element_type=\"column\">\n\t\t\t<div class=\"elementor-widget-wrap elementor-element-populated\">\n\t\t\t\t\t\t<div class=\"elementor-element elementor-element-366ee2b elementor-widget elementor-widget-text-editor\" data-id=\"366ee2b\" data-element_type=\"widget\" data-widget_type=\"text-editor.default\">\n\t\t\t\t<div class=\"elementor-widget-container\">\n\t\t\t\t\t\t\t<p><span style=\"color: #000000;\">Ofrece a los &#8216;autores \/ creadores&#8217;, empresas e instituciones p\u00fablicas una forma directa para expresar los derechos de autor y compartir las obras intelectuales a trav\u00e9s de Internet.\u00a0<span style=\"font-size: 16px; font-family: var( --e-global-typography-text-font-family ); font-weight: var( --e-global-typography-text-font-weight );\">Los invita a decidir estrat\u00e9gicamente qu\u00e9 derechos quieren reservarse o liberar sobre su obra intelectual.<\/span><\/span><\/p><h4 style=\"text-align: right;\">Fuente: <a href=\"https:\/\/creativecommons.org.ar\/\" target=\"_blank\" rel=\"noopener\">Creative Commons Argentina<\/a><\/h4>\t\t\t\t\t\t<\/div>\n\t\t\t\t<\/div>\n\t\t\t\t\t<\/div>\n\t\t<\/div>\n\t\t\t\t\t<\/div>\n\t\t<\/section>\n\t\t\t\t<section class=\"elementor-section elementor-top-section elementor-element elementor-element-d1e3d37 elementor-section-boxed elementor-section-height-default elementor-section-height-default\" data-id=\"d1e3d37\" data-element_type=\"section\">\n\t\t\t\t\t\t<div class=\"elementor-container elementor-column-gap-default\">\n\t\t\t\t\t<div class=\"elementor-column elementor-col-33 elementor-top-column elementor-element elementor-element-9c16490\" data-id=\"9c16490\" data-element_type=\"column\">\n\t\t\t<div class=\"elementor-widget-wrap\">\n\t\t\t\t\t\t\t<\/div>\n\t\t<\/div>\n\t\t\t\t<div class=\"elementor-column elementor-col-33 elementor-top-column elementor-element elementor-element-b94c86b\" data-id=\"b94c86b\" data-element_type=\"column\">\n\t\t\t<div class=\"elementor-widget-wrap elementor-element-populated\">\n\t\t\t\t\t\t<div class=\"elementor-element elementor-element-9a0dbfb elementor-widget elementor-widget-image\" data-id=\"9a0dbfb\" data-element_type=\"widget\" data-widget_type=\"image.default\">\n\t\t\t\t<div class=\"elementor-widget-container\">\n\t\t\t\t\t\t\t\t\t\t\t\t\t<img fetchpriority=\"high\" decoding=\"async\" width=\"455\" height=\"250\" src=\"https:\/\/www.ticyeducacion.faud.unsj.edu.ar\/wp-content\/uploads\/2022\/06\/cc.jpg\" class=\"attachment-large size-large wp-image-1468\" alt=\"\" srcset=\"https:\/\/www.ticyeducacion.faud.unsj.edu.ar\/wp-content\/uploads\/2022\/06\/cc.jpg 455w, https:\/\/www.ticyeducacion.faud.unsj.edu.ar\/wp-content\/uploads\/2022\/06\/cc-300x165.jpg 300w\" sizes=\"(max-width: 455px) 100vw, 455px\" \/>\t\t\t\t\t\t\t\t\t\t\t\t\t<\/div>\n\t\t\t\t<\/div>\n\t\t\t\t\t<\/div>\n\t\t<\/div>\n\t\t\t\t<div class=\"elementor-column elementor-col-33 elementor-top-column elementor-element elementor-element-77792aa\" data-id=\"77792aa\" data-element_type=\"column\">\n\t\t\t<div class=\"elementor-widget-wrap\">\n\t\t\t\t\t\t\t<\/div>\n\t\t<\/div>\n\t\t\t\t\t<\/div>\n\t\t<\/section>\n\t\t\t\t<section class=\"elementor-section elementor-top-section elementor-element elementor-element-f622454 elementor-section-boxed elementor-section-height-default elementor-section-height-default\" data-id=\"f622454\" data-element_type=\"section\">\n\t\t\t\t\t\t<div class=\"elementor-container elementor-column-gap-default\">\n\t\t\t\t\t<div class=\"elementor-column elementor-col-100 elementor-top-column elementor-element elementor-element-8367088\" data-id=\"8367088\" data-element_type=\"column\">\n\t\t\t<div class=\"elementor-widget-wrap elementor-element-populated\">\n\t\t\t\t\t\t<div class=\"elementor-element elementor-element-a03d549 elementor-widget elementor-widget-text-editor\" data-id=\"a03d549\" data-element_type=\"widget\" data-widget_type=\"text-editor.default\">\n\t\t\t\t<div class=\"elementor-widget-container\">\n\t\t\t\t\t\t\t<p>Si una una obra\u00a0 se encuentra bajo una licencia Creative Commons\u00a0 implica que la misma <b>se puede copiar, distribuir, exhibir\u00a0 y ejecutar\u00a0 <\/b>aunque \u00a0<b>no significa que no tengan copyright<\/b>, sino\u00a0 que su autor ofrece\u00a0<i>algunos derechos<\/i> a otras personas bajo ciertas condiciones. Por eso se dice que Creative Commons permite el ejercicio pr\u00e1ctico del derecho de autor.<\/p>\t\t\t\t\t\t<\/div>\n\t\t\t\t<\/div>\n\t\t\t\t\t<\/div>\n\t\t<\/div>\n\t\t\t\t\t<\/div>\n\t\t<\/section>\n\t\t\t\t<section class=\"elementor-section elementor-top-section elementor-element elementor-element-d869c90 elementor-section-boxed elementor-section-height-default elementor-section-height-default\" data-id=\"d869c90\" data-element_type=\"section\">\n\t\t\t\t\t\t<div class=\"elementor-container elementor-column-gap-default\">\n\t\t\t\t\t<div class=\"elementor-column elementor-col-33 elementor-top-column elementor-element elementor-element-ad79ae2\" data-id=\"ad79ae2\" data-element_type=\"column\">\n\t\t\t<div class=\"elementor-widget-wrap\">\n\t\t\t\t\t\t\t<\/div>\n\t\t<\/div>\n\t\t\t\t<div class=\"elementor-column elementor-col-33 elementor-top-column elementor-element elementor-element-e5da312\" data-id=\"e5da312\" data-element_type=\"column\">\n\t\t\t<div class=\"elementor-widget-wrap elementor-element-populated\">\n\t\t\t\t\t\t<div class=\"elementor-element elementor-element-d9e20aa elementor-widget elementor-widget-image\" data-id=\"d9e20aa\" data-element_type=\"widget\" data-widget_type=\"image.default\">\n\t\t\t\t<div class=\"elementor-widget-container\">\n\t\t\t\t\t\t\t\t\t\t\t\t\t<img decoding=\"async\" width=\"625\" height=\"408\" src=\"https:\/\/www.ticyeducacion.faud.unsj.edu.ar\/wp-content\/uploads\/2022\/06\/cc2-1024x669.png\" class=\"attachment-large size-large wp-image-1463\" alt=\"\" srcset=\"https:\/\/www.ticyeducacion.faud.unsj.edu.ar\/wp-content\/uploads\/2022\/06\/cc2-1024x669.png 1024w, https:\/\/www.ticyeducacion.faud.unsj.edu.ar\/wp-content\/uploads\/2022\/06\/cc2-300x196.png 300w, https:\/\/www.ticyeducacion.faud.unsj.edu.ar\/wp-content\/uploads\/2022\/06\/cc2-768x502.png 768w, https:\/\/www.ticyeducacion.faud.unsj.edu.ar\/wp-content\/uploads\/2022\/06\/cc2-624x408.png 624w, https:\/\/www.ticyeducacion.faud.unsj.edu.ar\/wp-content\/uploads\/2022\/06\/cc2.png 1206w\" sizes=\"(max-width: 625px) 100vw, 625px\" \/>\t\t\t\t\t\t\t\t\t\t\t\t\t<\/div>\n\t\t\t\t<\/div>\n\t\t\t\t\t<\/div>\n\t\t<\/div>\n\t\t\t\t<div class=\"elementor-column elementor-col-33 elementor-top-column elementor-element elementor-element-ea18914\" data-id=\"ea18914\" data-element_type=\"column\">\n\t\t\t<div class=\"elementor-widget-wrap\">\n\t\t\t\t\t\t\t<\/div>\n\t\t<\/div>\n\t\t\t\t\t<\/div>\n\t\t<\/section>\n\t\t\t\t<section class=\"elementor-section elementor-top-section elementor-element elementor-element-c10f964 elementor-section-boxed elementor-section-height-default elementor-section-height-default\" data-id=\"c10f964\" data-element_type=\"section\">\n\t\t\t\t\t\t<div class=\"elementor-container elementor-column-gap-default\">\n\t\t\t\t\t<div class=\"elementor-column elementor-col-100 elementor-top-column elementor-element elementor-element-add92d5\" data-id=\"add92d5\" data-element_type=\"column\">\n\t\t\t<div class=\"elementor-widget-wrap elementor-element-populated\">\n\t\t\t\t\t\t<div class=\"elementor-element elementor-element-a8c0625 elementor-widget elementor-widget-spacer\" data-id=\"a8c0625\" data-element_type=\"widget\" data-widget_type=\"spacer.default\">\n\t\t\t\t<div class=\"elementor-widget-container\">\n\t\t\t\t\t<div class=\"elementor-spacer\">\n\t\t\t<div class=\"elementor-spacer-inner\"><\/div>\n\t\t<\/div>\n\t\t\t\t<\/div>\n\t\t\t\t<\/div>\n\t\t\t\t\t<\/div>\n\t\t<\/div>\n\t\t\t\t\t<\/div>\n\t\t<\/section>\n\t\t\t\t<section class=\"elementor-section elementor-top-section elementor-element elementor-element-b154961 elementor-section-boxed elementor-section-height-default elementor-section-height-default\" data-id=\"b154961\" data-element_type=\"section\">\n\t\t\t\t\t\t<div class=\"elementor-container elementor-column-gap-default\">\n\t\t\t\t\t<div class=\"elementor-column elementor-col-50 elementor-top-column elementor-element elementor-element-1b8914e\" data-id=\"1b8914e\" data-element_type=\"column\">\n\t\t\t<div class=\"elementor-widget-wrap elementor-element-populated\">\n\t\t\t\t\t\t<div class=\"elementor-element elementor-element-c0117fd elementor-widget elementor-widget-text-editor\" data-id=\"c0117fd\" data-element_type=\"widget\" data-widget_type=\"text-editor.default\">\n\t\t\t\t<div class=\"elementor-widget-container\">\n\t\t\t\t\t\t\t<h4>Mostramos c\u00f3mo se puede gestionar una licencia Creative Commons.<\/h4>\t\t\t\t\t\t<\/div>\n\t\t\t\t<\/div>\n\t\t\t\t\t<\/div>\n\t\t<\/div>\n\t\t\t\t<div class=\"elementor-column elementor-col-50 elementor-top-column elementor-element elementor-element-8c8df24\" data-id=\"8c8df24\" data-element_type=\"column\">\n\t\t\t<div class=\"elementor-widget-wrap elementor-element-populated\">\n\t\t\t\t\t\t<div class=\"elementor-element elementor-element-61dedc7 elementor-widget elementor-widget-html\" data-id=\"61dedc7\" data-element_type=\"widget\" data-widget_type=\"html.default\">\n\t\t\t\t<div class=\"elementor-widget-container\">\n\t\t\t<iframe width=\"560\" height=\"315\" src=\"https:\/\/www.youtube.com\/embed\/dBLHoZGCYS8\" title=\"YouTube video player\" frameborder=\"0\" allow=\"accelerometer; autoplay; clipboard-write; encrypted-media; gyroscope; picture-in-picture\" allowfullscreen><\/iframe>\t\t<\/div>\n\t\t\t\t<\/div>\n\t\t\t\t\t<\/div>\n\t\t<\/div>\n\t\t\t\t\t<\/div>\n\t\t<\/section>\n\t\t\t\t<section class=\"elementor-section elementor-top-section elementor-element elementor-element-78365bb elementor-section-boxed elementor-section-height-default elementor-section-height-default\" data-id=\"78365bb\" data-element_type=\"section\">\n\t\t\t\t\t\t<div class=\"elementor-container elementor-column-gap-default\">\n\t\t\t\t\t<div class=\"elementor-column elementor-col-100 elementor-top-column elementor-element elementor-element-057ddf7\" data-id=\"057ddf7\" data-element_type=\"column\">\n\t\t\t<div class=\"elementor-widget-wrap elementor-element-populated\">\n\t\t\t\t\t\t<div class=\"elementor-element elementor-element-7091829 elementor-widget elementor-widget-text-editor\" data-id=\"7091829\" data-element_type=\"widget\" data-widget_type=\"text-editor.default\">\n\t\t\t\t<div class=\"elementor-widget-container\">\n\t\t\t\t\t\t\t<p>Desde <a href=\"https:\/\/pixabay.com\/es\/vectors\/creative-commons-licencias-iconos-783531\/\" target=\"_blank\" rel=\"noopener\">este sitio<\/a> se pueden descargar de forma gratuita los\u00a0 \u00edconos de las licencia para colocarlos en obras que no permiten insertar c\u00f3digo html.<\/p>\t\t\t\t\t\t<\/div>\n\t\t\t\t<\/div>\n\t\t\t\t\t<\/div>\n\t\t<\/div>\n\t\t\t\t\t<\/div>\n\t\t<\/section>\n\t\t\t\t<section class=\"elementor-section elementor-top-section elementor-element elementor-element-d8d4d09 elementor-section-boxed elementor-section-height-default elementor-section-height-default\" data-id=\"d8d4d09\" data-element_type=\"section\">\n\t\t\t\t\t\t<div class=\"elementor-container elementor-column-gap-default\">\n\t\t\t\t\t<div class=\"elementor-column elementor-col-33 elementor-top-column elementor-element elementor-element-681f58a\" data-id=\"681f58a\" data-element_type=\"column\">\n\t\t\t<div class=\"elementor-widget-wrap\">\n\t\t\t\t\t\t\t<\/div>\n\t\t<\/div>\n\t\t\t\t<div class=\"elementor-column elementor-col-33 elementor-top-column elementor-element elementor-element-0596df6\" data-id=\"0596df6\" data-element_type=\"column\">\n\t\t\t<div class=\"elementor-widget-wrap elementor-element-populated\">\n\t\t\t\t\t\t<div class=\"elementor-element elementor-element-c52f186 elementor-widget elementor-widget-text-editor\" data-id=\"c52f186\" data-element_type=\"widget\" data-widget_type=\"text-editor.default\">\n\t\t\t\t<div class=\"elementor-widget-container\">\n\t\t\t\t\t\t\t<h4 style=\"text-align: center;\">Es importante tener en cuenta que el proceso de generar una licencia CC no es equivalente \u00a0a un registro de propiedad intelectual. El licenciamiento CC no queda inscripto en ning\u00fan lugar, solo ser\u00e1 visible en la medida que yo incluya el \u00edcono y mis datos en la obra.\u00a0 El sitio de CC solo ofrece un asistente web para crear el texto legal de la licencia que yo quiero para\u00a0 mi obra,\u00a0 sin necesidad de intervenci\u00f3n de un abogado. \u00a0De este modo me permite expresar lo que yo, como autor\/a quiero permitir que se haga con mi obra y tambi\u00e9n facilita que quienes la usen puedan reconocer mi autor\u00eda respetando mis derechos.<\/h4>\t\t\t\t\t\t<\/div>\n\t\t\t\t<\/div>\n\t\t\t\t\t<\/div>\n\t\t<\/div>\n\t\t\t\t<div class=\"elementor-column elementor-col-33 elementor-top-column elementor-element elementor-element-2d92128\" data-id=\"2d92128\" data-element_type=\"column\">\n\t\t\t<div class=\"elementor-widget-wrap\">\n\t\t\t\t\t\t\t<\/div>\n\t\t<\/div>\n\t\t\t\t\t<\/div>\n\t\t<\/section>\n\t\t\t\t<section class=\"elementor-section elementor-top-section elementor-element elementor-element-0c89bd8 elementor-section-boxed elementor-section-height-default elementor-section-height-default\" data-id=\"0c89bd8\" data-element_type=\"section\">\n\t\t\t\t\t\t<div class=\"elementor-container elementor-column-gap-default\">\n\t\t\t\t\t<div class=\"elementor-column elementor-col-33 elementor-top-column elementor-element elementor-element-b901963\" data-id=\"b901963\" data-element_type=\"column\">\n\t\t\t<div class=\"elementor-widget-wrap\">\n\t\t\t\t\t\t\t<\/div>\n\t\t<\/div>\n\t\t\t\t<div class=\"elementor-column elementor-col-33 elementor-top-column elementor-element elementor-element-631b13a\" data-id=\"631b13a\" data-element_type=\"column\">\n\t\t\t<div class=\"elementor-widget-wrap elementor-element-populated\">\n\t\t\t\t\t\t<div class=\"elementor-element elementor-element-5bcc9e2 elementor-widget elementor-widget-text-editor\" data-id=\"5bcc9e2\" data-element_type=\"widget\" data-widget_type=\"text-editor.default\">\n\t\t\t\t<div class=\"elementor-widget-container\">\n\t\t\t\t\t\t\t<p>En esta <a href=\"http:\/\/espaciodetrabajo.com.ar\/autores\/derechos-de-autor\/copyleft\/licencias-libres-abiertas-permisivas\/creative-commons\/licencias-creative-commons\/interpretar-licencias-cc-receptores\/interpretar-licencias-cc\/\" target=\"_blank\" rel=\"noopener\">p\u00e1gina<\/a>\u00a0 se puede aprender m\u00e1s acerca de c\u00f3mo interpretar las licencias CC.<\/p>\t\t\t\t\t\t<\/div>\n\t\t\t\t<\/div>\n\t\t\t\t\t<\/div>\n\t\t<\/div>\n\t\t\t\t<div class=\"elementor-column elementor-col-33 elementor-top-column elementor-element elementor-element-7c0e134\" data-id=\"7c0e134\" data-element_type=\"column\">\n\t\t\t<div class=\"elementor-widget-wrap\">\n\t\t\t\t\t\t\t<\/div>\n\t\t<\/div>\n\t\t\t\t\t<\/div>\n\t\t<\/section>\n\t\t\t\t<\/div>\n\t\t","protected":false},"excerpt":{"rendered":"<p>Creative Commons\u00a0(CC) es una\u00a0organizaci\u00f3n sin fines de lucro\u00a0dedicada a promover el acceso a la cultura\u00a0 y el intercambio de conocimiento. Desarrolla un conjunto de instrumentos jur\u00eddicos de car\u00e1cter gratuito que&#8230; <a href=\"https:\/\/www.ticyeducacion.faud.unsj.edu.ar\/index.php\/acerca-de-creative-commons\/\">Leer m\u00e1s &raquo;<\/a><\/p>\n","protected":false},"author":2,"featured_media":0,"parent":0,"menu_order":0,"comment_status":"closed","ping_status":"closed","template":"","meta":{"_mc_calendar":[],"footnotes":""},"class_list":["post-1450","page","type-page","status-publish","hentry"],"_links":{"self":[{"href":"https:\/\/www.ticyeducacion.faud.unsj.edu.ar\/index.php\/wp-json\/wp\/v2\/pages\/1450","targetHints":{"allow":["GET"]}}],"collection":[{"href":"https:\/\/www.ticyeducacion.faud.unsj.edu.ar\/index.php\/wp-json\/wp\/v2\/pages"}],"about":[{"href":"https:\/\/www.ticyeducacion.faud.unsj.edu.ar\/index.php\/wp-json\/wp\/v2\/types\/page"}],"author":[{"embeddable":true,"href":"https:\/\/www.ticyeducacion.faud.unsj.edu.ar\/index.php\/wp-json\/wp\/v2\/users\/2"}],"replies":[{"embeddable":true,"href":"https:\/\/www.ticyeducacion.faud.unsj.edu.ar\/index.php\/wp-json\/wp\/v2\/comments?post=1450"}],"version-history":[{"count":23,"href":"https:\/\/www.ticyeducacion.faud.unsj.edu.ar\/index.php\/wp-json\/wp\/v2\/pages\/1450\/revisions"}],"predecessor-version":[{"id":1478,"href":"https:\/\/www.ticyeducacion.faud.unsj.edu.ar\/index.php\/wp-json\/wp\/v2\/pages\/1450\/revisions\/1478"}],"wp:attachment":[{"href":"https:\/\/www.ticyeducacion.faud.unsj.edu.ar\/index.php\/wp-json\/wp\/v2\/media?parent=1450"}],"curies":[{"name":"wp","href":"https:\/\/api.w.org\/{rel}","templated":true}]}}